{"id":153,"date":"2016-06-28T17:11:53","date_gmt":"2016-06-28T22:11:53","guid":{"rendered":"http:\/\/www.radiotaxiradio.com\/web\/?page_id=153"},"modified":"2019-03-18T23:41:57","modified_gmt":"2019-03-19T04:41:57","slug":"nuestro-equipo","status":"publish","type":"page","link":"https:\/\/www.radiotaxiradio.com\/web\/nuestro-equipo","title":{"rendered":"Nuestro Equipo"},"content":{"rendered":"<p><img loading=\"lazy\" decoding=\"async\" class=\"size-full aligncenter\" src=\"http:\/\/www.quidlegal.com\/wp-content\/uploads\/2013\/09\/nuestro-equipo-quid-legal-estudio-abogados-mexico-city-df-roma-condesa-polanco-reforma-banner.jpg\" width=\"1600\" height=\"500\" \/><\/p>\n<p style=\"text-align: justify;\"><strong>RADIO TAXI RADIO S.A.<\/strong>\u00a0se fundo en el a\u00f1o 1984, pero se constituy\u00f3 el 19 de septiembre de 1997, para dedicarse a prestar el servicio p\u00fablico de transporte automotor en todas sus modalidades, en las rutas debidamente autorizadas, por las autoridades competentes, transportar pasajeros por v\u00edas de uso p\u00fablico en veh\u00edculos de su propiedad o que est\u00e9n vinculados a la empresa mediante contratos de administraci\u00f3n.<\/p>\n<p style=\"text-align: justify;\">Actualmente tiene su sede en la\u00a0<strong><em>Av. 2da \u00a0No 6-41 Piso #2 Barrio Latino<\/em><\/strong>\u00a0y cuenta con m\u00e1s de 500\u00a0taxis afiliados para ofrecer el transporte de pasajeros modalidad taxi y 19\u00a0camionetas para prestar el servicio de carga.<\/p>\n<p style=\"text-align: justify;\"><a href=\"http:\/\/www.radiotaxiradio.com\/web\/wp-content\/uploads\/2016\/07\/comparsaRTR.png\"><img loading=\"lazy\" decoding=\"async\" class=\"size-full wp-image-411 aligncenter\" src=\"http:\/\/www.radiotaxiradio.com\/web\/wp-content\/uploads\/2016\/07\/comparsaRTR.png\" alt=\"comparsaRTR\" width=\"3984\" height=\"2944\" srcset=\"https:\/\/www.radiotaxiradio.com\/web\/wp-content\/uploads\/2016\/07\/comparsaRTR.png 3984w, https:\/\/www.radiotaxiradio.com\/web\/wp-content\/uploads\/2016\/07\/comparsaRTR-300x222.png 300w, https:\/\/www.radiotaxiradio.com\/web\/wp-content\/uploads\/2016\/07\/comparsaRTR-768x568.png 768w, https:\/\/www.radiotaxiradio.com\/web\/wp-content\/uploads\/2016\/07\/comparsaRTR-1024x757.png 1024w\" sizes=\"auto, (max-width: 3984px) 100vw, 3984px\" \/><\/a><\/p>\n<p>&nbsp;<\/p>\n<p>&nbsp;<\/p>\n<p>&nbsp;<\/p>\n","protected":false},"excerpt":{"rendered":"<p>RADIO TAXI RADIO S.A.\u00a0se fundo en el a\u00f1o 1984, pero se constituy\u00f3 el 19 de septiembre de 1997, para dedicarse a prestar el servicio p\u00fablico de transporte automotor en todas sus modalidades, en las rutas debidamente autorizadas, por las autoridades competentes, transportar pasajeros por v\u00edas de uso p\u00fablico en veh\u00edculos de su propiedad o que<a class=\"read-more\" href=\"https:\/\/www.radiotaxiradio.com\/web\/nuestro-equipo\"> [&hellip;]<\/a><\/p>\n","protected":false},"author":1,"featured_media":0,"parent":0,"menu_order":0,"comment_status":"closed","ping_status":"closed","template":"","meta":{"footnotes":""},"class_list":["post-153","page","type-page","status-publish","hentry"],"_links":{"self":[{"href":"https:\/\/www.radiotaxiradio.com\/web\/wp-json\/wp\/v2\/pages\/153","targetHints":{"allow":["GET"]}}],"collection":[{"href":"https:\/\/www.radiotaxiradio.com\/web\/wp-json\/wp\/v2\/pages"}],"about":[{"href":"https:\/\/www.radiotaxiradio.com\/web\/wp-json\/wp\/v2\/types\/page"}],"author":[{"embeddable":true,"href":"https:\/\/www.radiotaxiradio.com\/web\/wp-json\/wp\/v2\/users\/1"}],"replies":[{"embeddable":true,"href":"https:\/\/www.radiotaxiradio.com\/web\/wp-json\/wp\/v2\/comments?post=153"}],"version-history":[{"count":8,"href":"https:\/\/www.radiotaxiradio.com\/web\/wp-json\/wp\/v2\/pages\/153\/revisions"}],"predecessor-version":[{"id":1587,"href":"https:\/\/www.radiotaxiradio.com\/web\/wp-json\/wp\/v2\/pages\/153\/revisions\/1587"}],"wp:attachment":[{"href":"https:\/\/www.radiotaxiradio.com\/web\/wp-json\/wp\/v2\/media?parent=153"}],"curies":[{"name":"wp","href":"https:\/\/api.w.org\/{rel}","templated":true}]}}