{"id":359,"date":"2016-07-11T02:47:58","date_gmt":"2016-07-11T07:47:58","guid":{"rendered":"http:\/\/www.radiotaxiradio.com\/web\/?page_id=359"},"modified":"2016-07-18T19:10:49","modified_gmt":"2016-07-19T00:10:49","slug":"servicios","status":"publish","type":"page","link":"https:\/\/www.radiotaxiradio.com\/web\/servicios","title":{"rendered":"Servicios"},"content":{"rendered":"<p><a href=\"http:\/\/www.radiotaxiradio.com\/web\/wp-content\/uploads\/2016\/07\/ServiciosRTR.png\"><img loading=\"lazy\" decoding=\"async\" class=\"size-full wp-image-360 aligncenter\" src=\"http:\/\/www.radiotaxiradio.com\/web\/wp-content\/uploads\/2016\/07\/ServiciosRTR.png\" alt=\"ServiciosRTR\" width=\"969\" height=\"279\" srcset=\"https:\/\/www.radiotaxiradio.com\/web\/wp-content\/uploads\/2016\/07\/ServiciosRTR.png 969w, https:\/\/www.radiotaxiradio.com\/web\/wp-content\/uploads\/2016\/07\/ServiciosRTR-300x86.png 300w, https:\/\/www.radiotaxiradio.com\/web\/wp-content\/uploads\/2016\/07\/ServiciosRTR-768x221.png 768w\" sizes=\"auto, (max-width: 969px) 100vw, 969px\" \/><\/a><\/p>\n<p style=\"text-align: justify;\">Radio Taxi Radio S.A. es la Empresa legalmente constituida bajo la normatividad del Ministerio de Transporte a nivel Nacional y Secretaria de Tr\u00e1nsito a nivel Departamental, pionera en ofrecer a su distinguida clientela los siete (7) d\u00edas de la semana las veinticuatro (24) horas del d\u00eda, los servicios de transporte en la modalidad taxi amparados con seguros contractual y extracontractual cuidando y protegiendo a los usuarios, con el funcionamiento del tax\u00edmetro bajo las tarifas exigidas por Secretaria de Tr\u00e1nsito. Igualmente ofrece el servicio de transporte en camionetas de carga liviana.<\/p>\n<p style=\"text-align: justify;\">Contamos con personal honesto, capacitado y debidamente carnetizado.<\/p>\n","protected":false},"excerpt":{"rendered":"<p>Radio Taxi Radio S.A. es la Empresa legalmente constituida bajo la normatividad del Ministerio de Transporte a nivel Nacional y Secretaria de Tr\u00e1nsito a nivel Departamental, pionera en ofrecer a su distinguida clientela los siete (7) d\u00edas de la semana las veinticuatro (24) horas del d\u00eda, los servicios de transporte en la modalidad taxi amparados<a class=\"read-more\" href=\"https:\/\/www.radiotaxiradio.com\/web\/servicios\"> [&hellip;]<\/a><\/p>\n","protected":false},"author":1,"featured_media":0,"parent":0,"menu_order":0,"comment_status":"closed","ping_status":"closed","template":"","meta":{"footnotes":""},"class_list":["post-359","page","type-page","status-publish","hentry"],"_links":{"self":[{"href":"https:\/\/www.radiotaxiradio.com\/web\/wp-json\/wp\/v2\/pages\/359","targetHints":{"allow":["GET"]}}],"collection":[{"href":"https:\/\/www.radiotaxiradio.com\/web\/wp-json\/wp\/v2\/pages"}],"about":[{"href":"https:\/\/www.radiotaxiradio.com\/web\/wp-json\/wp\/v2\/types\/page"}],"author":[{"embeddable":true,"href":"https:\/\/www.radiotaxiradio.com\/web\/wp-json\/wp\/v2\/users\/1"}],"replies":[{"embeddable":true,"href":"https:\/\/www.radiotaxiradio.com\/web\/wp-json\/wp\/v2\/comments?post=359"}],"version-history":[{"count":3,"href":"https:\/\/www.radiotaxiradio.com\/web\/wp-json\/wp\/v2\/pages\/359\/revisions"}],"predecessor-version":[{"id":439,"href":"https:\/\/www.radiotaxiradio.com\/web\/wp-json\/wp\/v2\/pages\/359\/revisions\/439"}],"wp:attachment":[{"href":"https:\/\/www.radiotaxiradio.com\/web\/wp-json\/wp\/v2\/media?parent=359"}],"curies":[{"name":"wp","href":"https:\/\/api.w.org\/{rel}","templated":true}]}}