{"id":367,"date":"2016-07-11T16:14:04","date_gmt":"2016-07-11T21:14:04","guid":{"rendered":"http:\/\/www.radiotaxiradio.com\/web\/?page_id=367"},"modified":"2023-07-13T17:26:35","modified_gmt":"2023-07-13T22:26:35","slug":"mapa-del-sitio","status":"publish","type":"page","link":"https:\/\/www.radiotaxiradio.com\/web\/mapa-del-sitio","title":{"rendered":"Mapa del Sitio"},"content":{"rendered":"<p><strong>P\u00e1gina principal<\/strong><\/p>\n<ul style=\"list-style-type: square;\">\n<li><a href=\"http:\/\/www.radiotaxiradio.com\/web\">Inicio<\/a><\/li>\n<\/ul>\n<hr \/>\n<p><strong>Men\u00fa primario<\/strong><\/p>\n<ul style=\"list-style-type: square;\">\n<li><a href=\"http:\/\/www.radiotaxiradio.com\/web\/mision-y-vision\">Misi\u00f3n y visi\u00f3n<\/a><\/li>\n<li><a href=\"http:\/\/www.radiotaxiradio.com\/web\/servicios\">Servicios<\/a><\/li>\n<li><a href=\"http:\/\/www.radiotaxiradio.com\/web\/politica-de-calidad\">Pol\u00edtica de calidad<\/a><\/li>\n<li><a href=\"http:\/\/www.radiotaxiradio.com\/web\/nuestro-equipo\">Nuestro equipo<\/a><\/li>\n<li><a href=\"http:\/\/www.radiotaxiradio.com\/web\/como-llegar\">\u00bfC\u00f3mo llegar?<\/a><\/li>\n<li><a href=\"http:\/\/www.radiotaxiradio.com\/web\/pqr\">PQR<\/a><\/li>\n<\/ul>\n<hr \/>\n<p><strong>Men\u00fa secundario<\/strong><\/p>\n<ul style=\"list-style-type: square;\">\n<li><a href=\"http:\/\/www.radiotaxiradio.com\/web\/categoria\/fotos\">Fotos<\/a><\/li>\n<li><a href=\"http:\/\/www.radiotaxiradio.com\/web\/videos\">V\u00eddeos<\/a><\/li>\n<li><a href=\"http:\/\/www.radiotaxiradio.com\/web\/paraderos\">Paraderos<\/a><\/li>\n<\/ul>\n<p>&nbsp;<\/p>\n<p>&nbsp;<\/p>\n<p>&nbsp;<\/p>\n<p>&nbsp;<\/p>\n<p>&nbsp;<\/p>\n<p>&nbsp;<\/p>\n<p>&nbsp;<\/p>\n","protected":false},"excerpt":{"rendered":"<p>P\u00e1gina principal Inicio Men\u00fa primario Misi\u00f3n y visi\u00f3n Servicios Pol\u00edtica de calidad Nuestro equipo \u00bfC\u00f3mo llegar? PQR Men\u00fa secundario Fotos V\u00eddeos Paraderos &nbsp; &nbsp; &nbsp; &nbsp; &nbsp; &nbsp; &nbsp;<\/p>\n","protected":false},"author":1,"featured_media":0,"parent":0,"menu_order":0,"comment_status":"closed","ping_status":"closed","template":"","meta":{"footnotes":""},"class_list":["post-367","page","type-page","status-publish","hentry"],"_links":{"self":[{"href":"https:\/\/www.radiotaxiradio.com\/web\/wp-json\/wp\/v2\/pages\/367","targetHints":{"allow":["GET"]}}],"collection":[{"href":"https:\/\/www.radiotaxiradio.com\/web\/wp-json\/wp\/v2\/pages"}],"about":[{"href":"https:\/\/www.radiotaxiradio.com\/web\/wp-json\/wp\/v2\/types\/page"}],"author":[{"embeddable":true,"href":"https:\/\/www.radiotaxiradio.com\/web\/wp-json\/wp\/v2\/users\/1"}],"replies":[{"embeddable":true,"href":"https:\/\/www.radiotaxiradio.com\/web\/wp-json\/wp\/v2\/comments?post=367"}],"version-history":[{"count":12,"href":"https:\/\/www.radiotaxiradio.com\/web\/wp-json\/wp\/v2\/pages\/367\/revisions"}],"predecessor-version":[{"id":2164,"href":"https:\/\/www.radiotaxiradio.com\/web\/wp-json\/wp\/v2\/pages\/367\/revisions\/2164"}],"wp:attachment":[{"href":"https:\/\/www.radiotaxiradio.com\/web\/wp-json\/wp\/v2\/media?parent=367"}],"curies":[{"name":"wp","href":"https:\/\/api.w.org\/{rel}","templated":true}]}}